{"id":192,"date":"2022-09-20T12:04:50","date_gmt":"2022-09-20T12:04:50","guid":{"rendered":"https:\/\/vyzuoneles.lt\/?page_id=192"},"modified":"2024-12-05T09:53:18","modified_gmt":"2024-12-05T09:53:18","slug":"automobiliu-supirkimas","status":"publish","type":"page","link":"https:\/\/vyzuoneles.lt\/?page_id=192","title":{"rendered":"Automobili\u0173 supirkimas"},"content":{"rendered":"\n<p>Supirksime vis\u0173 marki\u0173 ir modeli\u0173 automobilius: naudotus, sugadintus, avarijuotus, neva\u017eiuojan\u010dius. Nesvarbu, kokia automobilio b\u016bkl\u0117 \u2013 si\u016blome konkurencing\u0105 kain\u0105 ir skland\u0173 sandor\u012f. Susisiekite su mumis!<\/p>\n\n\n\n<p><\/p>\n","protected":false},"excerpt":{"rendered":"<p>Supirksime vis\u0173 marki\u0173 ir modeli\u0173 automobilius: naudotus, sugadintus, avarijuotus, neva\u017eiuojan\u010dius. Nesvarbu, kokia automobilio b\u016bkl\u0117 \u2013 si\u016blome konkurencing\u0105 kain\u0105 ir skland\u0173 sandor\u012f. Susisiekite su mumis!<\/p>\n","protected":false},"author":1,"featured_media":0,"parent":0,"menu_order":0,"comment_status":"closed","ping_status":"closed","template":"","meta":{"footnotes":""},"class_list":["post-192","page","type-page","status-publish","hentry"],"yoast_head":"<!-- This site is optimized with the Yoast SEO plugin v25.5 - https:\/\/yoast.com\/wordpress\/plugins\/seo\/ -->\n<title>Automobili\u0173 supirkimas - Vyzuoneles.lt<\/title>\n<meta name=\"robots\" content=\"index, follow, max-snippet:-1, max-image-preview:large, max-video-preview:-1\" \/>\n<link rel=\"canonical\" href=\"https:\/\/vyzuoneles.lt\/?page_id=192\" \/>\n<meta property=\"og:locale\" content=\"lt_LT\" \/>\n<meta property=\"og:type\" content=\"article\" \/>\n<meta property=\"og:title\" content=\"Automobili\u0173 supirkimas - Vyzuoneles.lt\" \/>\n<meta property=\"og:description\" content=\"Supirksime vis\u0173 marki\u0173 ir modeli\u0173 automobilius: naudotus, sugadintus, avarijuotus, neva\u017eiuojan\u010dius. Nesvarbu, kokia automobilio b\u016bkl\u0117 \u2013 si\u016blome konkurencing\u0105 kain\u0105 ir skland\u0173 sandor\u012f. Susisiekite su mumis!\" \/>\n<meta property=\"og:url\" content=\"https:\/\/vyzuoneles.lt\/?page_id=192\" \/>\n<meta property=\"og:site_name\" content=\"Vyzuoneles.lt\" \/>\n<meta property=\"article:publisher\" content=\"https:\/\/www.facebook.com\/vyzuoneles.lt\" \/>\n<meta property=\"article:modified_time\" content=\"2024-12-05T09:53:18+00:00\" \/>\n<meta name=\"twitter:card\" content=\"summary_large_image\" \/>\n<meta name=\"twitter:label1\" content=\"Est. reading time\" \/>\n\t<meta name=\"twitter:data1\" content=\"1 minut\u0117\" \/>\n<script type=\"application\/ld+json\" class=\"yoast-schema-graph\">{\"@context\":\"https:\/\/schema.org\",\"@graph\":[{\"@type\":\"WebPage\",\"@id\":\"https:\/\/vyzuoneles.lt\/?page_id=192\",\"url\":\"https:\/\/vyzuoneles.lt\/?page_id=192\",\"name\":\"Automobili\u0173 supirkimas - Vyzuoneles.lt\",\"isPartOf\":{\"@id\":\"https:\/\/vyzuoneles.lt\/#website\"},\"datePublished\":\"2022-09-20T12:04:50+00:00\",\"dateModified\":\"2024-12-05T09:53:18+00:00\",\"breadcrumb\":{\"@id\":\"https:\/\/vyzuoneles.lt\/?page_id=192#breadcrumb\"},\"inLanguage\":\"lt-LT\",\"potentialAction\":[{\"@type\":\"ReadAction\",\"target\":[\"https:\/\/vyzuoneles.lt\/?page_id=192\"]}]},{\"@type\":\"BreadcrumbList\",\"@id\":\"https:\/\/vyzuoneles.lt\/?page_id=192#breadcrumb\",\"itemListElement\":[{\"@type\":\"ListItem\",\"position\":1,\"name\":\"Home\",\"item\":\"https:\/\/vyzuoneles.lt\/\"},{\"@type\":\"ListItem\",\"position\":2,\"name\":\"Automobili\u0173 supirkimas\"}]},{\"@type\":\"WebSite\",\"@id\":\"https:\/\/vyzuoneles.lt\/#website\",\"url\":\"https:\/\/vyzuoneles.lt\/\",\"name\":\"Vyzuoneles.lt\",\"description\":\"\",\"publisher\":{\"@id\":\"https:\/\/vyzuoneles.lt\/#organization\"},\"potentialAction\":[{\"@type\":\"SearchAction\",\"target\":{\"@type\":\"EntryPoint\",\"urlTemplate\":\"https:\/\/vyzuoneles.lt\/?s={search_term_string}\"},\"query-input\":{\"@type\":\"PropertyValueSpecification\",\"valueRequired\":true,\"valueName\":\"search_term_string\"}}],\"inLanguage\":\"lt-LT\"},{\"@type\":\"Organization\",\"@id\":\"https:\/\/vyzuoneles.lt\/#organization\",\"name\":\"Vyzuoneles.lt\",\"url\":\"https:\/\/vyzuoneles.lt\/\",\"logo\":{\"@type\":\"ImageObject\",\"inLanguage\":\"lt-LT\",\"@id\":\"https:\/\/vyzuoneles.lt\/#\/schema\/logo\/image\/\",\"url\":\"https:\/\/vyzuoneles.lt\/wp-content\/uploads\/2022\/09\/Pagalba-kelyje.png\",\"contentUrl\":\"https:\/\/vyzuoneles.lt\/wp-content\/uploads\/2022\/09\/Pagalba-kelyje.png\",\"width\":500,\"height\":500,\"caption\":\"Vyzuoneles.lt\"},\"image\":{\"@id\":\"https:\/\/vyzuoneles.lt\/#\/schema\/logo\/image\/\"},\"sameAs\":[\"https:\/\/www.facebook.com\/vyzuoneles.lt\"]}]}<\/script>\n<!-- \/ Yoast SEO plugin. -->","yoast_head_json":{"title":"Automobili\u0173 supirkimas - Vyzuoneles.lt","robots":{"index":"index","follow":"follow","max-snippet":"max-snippet:-1","max-image-preview":"max-image-preview:large","max-video-preview":"max-video-preview:-1"},"canonical":"https:\/\/vyzuoneles.lt\/?page_id=192","og_locale":"lt_LT","og_type":"article","og_title":"Automobili\u0173 supirkimas - Vyzuoneles.lt","og_description":"Supirksime vis\u0173 marki\u0173 ir modeli\u0173 automobilius: naudotus, sugadintus, avarijuotus, neva\u017eiuojan\u010dius. Nesvarbu, kokia automobilio b\u016bkl\u0117 \u2013 si\u016blome konkurencing\u0105 kain\u0105 ir skland\u0173 sandor\u012f. Susisiekite su mumis!","og_url":"https:\/\/vyzuoneles.lt\/?page_id=192","og_site_name":"Vyzuoneles.lt","article_publisher":"https:\/\/www.facebook.com\/vyzuoneles.lt","article_modified_time":"2024-12-05T09:53:18+00:00","twitter_card":"summary_large_image","twitter_misc":{"Est. reading time":"1 minut\u0117"},"schema":{"@context":"https:\/\/schema.org","@graph":[{"@type":"WebPage","@id":"https:\/\/vyzuoneles.lt\/?page_id=192","url":"https:\/\/vyzuoneles.lt\/?page_id=192","name":"Automobili\u0173 supirkimas - Vyzuoneles.lt","isPartOf":{"@id":"https:\/\/vyzuoneles.lt\/#website"},"datePublished":"2022-09-20T12:04:50+00:00","dateModified":"2024-12-05T09:53:18+00:00","breadcrumb":{"@id":"https:\/\/vyzuoneles.lt\/?page_id=192#breadcrumb"},"inLanguage":"lt-LT","potentialAction":[{"@type":"ReadAction","target":["https:\/\/vyzuoneles.lt\/?page_id=192"]}]},{"@type":"BreadcrumbList","@id":"https:\/\/vyzuoneles.lt\/?page_id=192#breadcrumb","itemListElement":[{"@type":"ListItem","position":1,"name":"Home","item":"https:\/\/vyzuoneles.lt\/"},{"@type":"ListItem","position":2,"name":"Automobili\u0173 supirkimas"}]},{"@type":"WebSite","@id":"https:\/\/vyzuoneles.lt\/#website","url":"https:\/\/vyzuoneles.lt\/","name":"Vyzuoneles.lt","description":"","publisher":{"@id":"https:\/\/vyzuoneles.lt\/#organization"},"potentialAction":[{"@type":"SearchAction","target":{"@type":"EntryPoint","urlTemplate":"https:\/\/vyzuoneles.lt\/?s={search_term_string}"},"query-input":{"@type":"PropertyValueSpecification","valueRequired":true,"valueName":"search_term_string"}}],"inLanguage":"lt-LT"},{"@type":"Organization","@id":"https:\/\/vyzuoneles.lt\/#organization","name":"Vyzuoneles.lt","url":"https:\/\/vyzuoneles.lt\/","logo":{"@type":"ImageObject","inLanguage":"lt-LT","@id":"https:\/\/vyzuoneles.lt\/#\/schema\/logo\/image\/","url":"https:\/\/vyzuoneles.lt\/wp-content\/uploads\/2022\/09\/Pagalba-kelyje.png","contentUrl":"https:\/\/vyzuoneles.lt\/wp-content\/uploads\/2022\/09\/Pagalba-kelyje.png","width":500,"height":500,"caption":"Vyzuoneles.lt"},"image":{"@id":"https:\/\/vyzuoneles.lt\/#\/schema\/logo\/image\/"},"sameAs":["https:\/\/www.facebook.com\/vyzuoneles.lt"]}]}},"_links":{"self":[{"href":"https:\/\/vyzuoneles.lt\/index.php?rest_route=\/wp\/v2\/pages\/192","targetHints":{"allow":["GET"]}}],"collection":[{"href":"https:\/\/vyzuoneles.lt\/index.php?rest_route=\/wp\/v2\/pages"}],"about":[{"href":"https:\/\/vyzuoneles.lt\/index.php?rest_route=\/wp\/v2\/types\/page"}],"author":[{"embeddable":true,"href":"https:\/\/vyzuoneles.lt\/index.php?rest_route=\/wp\/v2\/users\/1"}],"replies":[{"embeddable":true,"href":"https:\/\/vyzuoneles.lt\/index.php?rest_route=%2Fwp%2Fv2%2Fcomments&post=192"}],"version-history":[{"count":2,"href":"https:\/\/vyzuoneles.lt\/index.php?rest_route=\/wp\/v2\/pages\/192\/revisions"}],"predecessor-version":[{"id":265,"href":"https:\/\/vyzuoneles.lt\/index.php?rest_route=\/wp\/v2\/pages\/192\/revisions\/265"}],"wp:attachment":[{"href":"https:\/\/vyzuoneles.lt\/index.php?rest_route=%2Fwp%2Fv2%2Fmedia&parent=192"}],"curies":[{"name":"wp","href":"https:\/\/api.w.org\/{rel}","templated":true}]}}