{"id":269,"date":"2024-12-09T18:05:55","date_gmt":"2024-12-09T18:05:55","guid":{"rendered":"https:\/\/vyzuoneles.lt\/?page_id=269"},"modified":"2026-03-23T15:56:43","modified_gmt":"2026-03-23T15:56:43","slug":"konfiskuotas-transportas","status":"publish","type":"page","link":"https:\/\/vyzuoneles.lt\/?page_id=269","title":{"rendered":"Konfiskuotas transportas"},"content":{"rendered":"\t\t<div data-elementor-type=\"wp-page\" data-elementor-id=\"269\" class=\"elementor elementor-269\">\n\t\t\t\t\t\t<section class=\"elementor-section elementor-top-section elementor-element elementor-element-2f28831 elementor-section-boxed elementor-section-height-default elementor-section-height-default wpr-particle-no wpr-jarallax-no wpr-parallax-no wpr-sticky-section-no\" data-id=\"2f28831\" data-element_type=\"section\">\n\t\t\t\t\t\t<div class=\"elementor-container elementor-column-gap-default\">\n\t\t\t\t\t<div class=\"elementor-column elementor-col-100 elementor-top-column elementor-element elementor-element-2957c3b\" data-id=\"2957c3b\" data-element_type=\"column\">\n\t\t\t<div class=\"elementor-widget-wrap elementor-element-populated\">\n\t\t\t\t\t\t<div class=\"elementor-element elementor-element-ebe7d7d elementor-view-default elementor-widget elementor-widget-icon\" data-id=\"ebe7d7d\" data-element_type=\"widget\" data-widget_type=\"icon.default\">\n\t\t\t\t<div class=\"elementor-widget-container\">\n\t\t\t\t\t\t\t<div class=\"elementor-icon-wrapper\">\n\t\t\t<div class=\"elementor-icon\">\n\t\t\t<i aria-hidden=\"true\" class=\"fas fa-exclamation-triangle\"><\/i>\t\t\t<\/div>\n\t\t<\/div>\n\t\t\t\t\t\t<\/div>\n\t\t\t\t<\/div>\n\t\t\t\t<div class=\"elementor-element elementor-element-503b9a4 elementor-alert-warning elementor-widget__width-initial elementor-widget elementor-widget-alert\" data-id=\"503b9a4\" data-element_type=\"widget\" data-widget_type=\"alert.default\">\n\t\t\t\t<div class=\"elementor-widget-container\">\n\t\t\t\t\t\t\t<div class=\"elementor-alert\" role=\"alert\">\n\n\t\t\t\t\t\t<span class=\"elementor-alert-title\">D\u0117mesio<\/span>\n\t\t\t\n\t\t\t\t\t\t<span class=\"elementor-alert-description\">Pagal Lietuvos Respublikos civilinio kodekso 6.333 straipsnio 8 punkt\u0105, turt\u0105 parduodant teismo sprendimams vykdyti nustatyta tvarka, jo kokyb\u0117 negarantuojama. Parduotos prek\u0117s negr\u0105\u017einamos ir nekei\u010diamos.\u200b<\/span>\n\t\t\t\n\t\t\t\t\t\t<button type=\"button\" class=\"elementor-alert-dismiss\" aria-label=\"Dismiss this alert.\">\n\t\t\t\t\t\t\t\t\t<span aria-hidden=\"true\">&times;<\/span>\n\t\t\t\t\t\t\t<\/button>\n\t\t\t\n\t\t<\/div>\n\t\t\t\t\t\t<\/div>\n\t\t\t\t<\/div>\n\t\t\t\t<div class=\"elementor-element elementor-element-d5adaaf elementor-alert-warning elementor-widget__width-initial elementor-widget elementor-widget-alert\" data-id=\"d5adaaf\" data-element_type=\"widget\" data-widget_type=\"alert.default\">\n\t\t\t\t<div class=\"elementor-widget-container\">\n\t\t\t\t\t\t\t<div class=\"elementor-alert\" role=\"alert\">\n\n\t\t\t\t\t\t<span class=\"elementor-alert-title\">D\u0117mesio<\/span>\n\t\t\t\n\t\t\t\t\t\t<span class=\"elementor-alert-description\">TRANSPORTO PRIEMONI\u0172 PIRK\u0116J\u0172 D\u0116MESIUI!\nLietuvos Respublikos saugaus eismo automobili\u0173 keliais \u012fstatymo 20 straipsnio 1 punkte yra nustatyta, kad asmuo, \u012fsigij\u0119s transporto priemon\u0119, privalo per 5 darbo dienas deklaruoti \u012fgijim\u0105 ir Regitroje gauti pirk\u0117jo SDK, t. y. savininko deklaravimo kod\u0105.\n\n<br>U\u017e min\u0117to reikalavimo pa\u017eeidim\u0105 Administracini\u0173 nusi\u017eengim\u0173 kodekso 431 straipsnyje yra nustatyta administracin\u0117 atsakomyb\u0117 \u2014 transporto priemon\u0117s savininkui (valdytojui) yra numatyta bauda:\n\n<br>1. Pirm\u0105 kart\u0105 \u2014 nuo vieno \u0161imto penkiasde\u0161imt iki trij\u0173 \u0161imt\u0173 eur\u0173;\n2. Pakartotinai \u2014 nuo keturi\u0173 \u0161imt\u0173 keturiasde\u0161imt iki \u0161e\u0161i\u0173 \u0161imt\u0173 eur\u0173.<\/span>\n\t\t\t\n\t\t\t\t\t\t<button type=\"button\" class=\"elementor-alert-dismiss\" aria-label=\"Dismiss this alert.\">\n\t\t\t\t\t\t\t\t\t<span aria-hidden=\"true\">&times;<\/span>\n\t\t\t\t\t\t\t<\/button>\n\t\t\t\n\t\t<\/div>\n\t\t\t\t\t\t<\/div>\n\t\t\t\t<\/div>\n\t\t\t\t\t<\/div>\n\t\t<\/div>\n\t\t\t\t\t<\/div>\n\t\t<\/section>\n\t\t\t\t<section class=\"elementor-section elementor-top-section elementor-element elementor-element-dd2a4f2 elementor-section-boxed elementor-section-height-default elementor-section-height-default wpr-particle-no wpr-jarallax-no wpr-parallax-no wpr-sticky-section-no\" data-id=\"dd2a4f2\" data-element_type=\"section\">\n\t\t\t\t\t\t<div class=\"elementor-container elementor-column-gap-default\">\n\t\t\t\t\t<div class=\"elementor-column elementor-col-50 elementor-top-column elementor-element elementor-element-8daa3fd\" data-id=\"8daa3fd\" data-element_type=\"column\">\n\t\t\t<div class=\"elementor-widget-wrap elementor-element-populated\">\n\t\t\t\t\t\t<div class=\"elementor-element elementor-element-7d35d94 elementor-widget__width-initial elementor-alert-info elementor-widget elementor-widget-alert\" data-id=\"7d35d94\" data-element_type=\"widget\" data-widget_type=\"alert.default\">\n\t\t\t\t<div class=\"elementor-widget-container\">\n\t\t\t\t\t\t\t<div class=\"elementor-alert\" role=\"alert\">\n\n\t\t\t\t\t\t<span class=\"elementor-alert-title\">Turtas randasi adresu:<\/span>\n\t\t\t\n\t\t\t\t\t\t<span class=\"elementor-alert-description\">M. Veriovkinos g. 7, Vy\u017euon\u0117li\u0173 k., \nLT-28112 Utenos r.<\/span>\n\t\t\t\n\t\t\t\t\t\t<button type=\"button\" class=\"elementor-alert-dismiss\" aria-label=\"Dismiss this alert.\">\n\t\t\t\t\t\t\t\t\t<span aria-hidden=\"true\">&times;<\/span>\n\t\t\t\t\t\t\t<\/button>\n\t\t\t\n\t\t<\/div>\n\t\t\t\t\t\t<\/div>\n\t\t\t\t<\/div>\n\t\t\t\t\t<\/div>\n\t\t<\/div>\n\t\t\t\t<div class=\"elementor-column elementor-col-50 elementor-top-column elementor-element elementor-element-7e21058\" data-id=\"7e21058\" data-element_type=\"column\">\n\t\t\t<div class=\"elementor-widget-wrap elementor-element-populated\">\n\t\t\t\t\t\t<div class=\"elementor-element elementor-element-423c2b5 elementor-widget__width-initial elementor-alert-info elementor-widget elementor-widget-alert\" data-id=\"423c2b5\" data-element_type=\"widget\" data-widget_type=\"alert.default\">\n\t\t\t\t<div class=\"elementor-widget-container\">\n\t\t\t\t\t\t\t<div class=\"elementor-alert\" role=\"alert\">\n\n\t\t\t\t\t\t<span class=\"elementor-alert-title\">Darbo laikas:<\/span>\n\t\t\t\n\t\t\t\t\t\t<span class=\"elementor-alert-description\">I-V: 8:00 - 17:00\nPiet\u0173 pertrauka 12:00 \u2013 13:00\nVI-VII: Nedirbame<\/span>\n\t\t\t\n\t\t\t\t\t\t<button type=\"button\" class=\"elementor-alert-dismiss\" aria-label=\"Dismiss this alert.\">\n\t\t\t\t\t\t\t\t\t<span aria-hidden=\"true\">&times;<\/span>\n\t\t\t\t\t\t\t<\/button>\n\t\t\t\n\t\t<\/div>\n\t\t\t\t\t\t<\/div>\n\t\t\t\t<\/div>\n\t\t\t\t\t<\/div>\n\t\t<\/div>\n\t\t\t\t\t<\/div>\n\t\t<\/section>\n\t\t\t\t<section class=\"elementor-section elementor-top-section elementor-element elementor-element-385d795 elementor-section-boxed elementor-section-height-default elementor-section-height-default wpr-particle-no wpr-jarallax-no wpr-parallax-no wpr-sticky-section-no\" data-id=\"385d795\" data-element_type=\"section\">\n\t\t\t\t\t\t<div class=\"elementor-container elementor-column-gap-default\">\n\t\t\t\t\t<div class=\"elementor-column elementor-col-50 elementor-top-column elementor-element elementor-element-776e983\" data-id=\"776e983\" data-element_type=\"column\">\n\t\t\t<div class=\"elementor-widget-wrap\">\n\t\t\t\t\t\t\t<\/div>\n\t\t<\/div>\n\t\t\t\t<div class=\"elementor-column elementor-col-50 elementor-top-column elementor-element elementor-element-eda603f\" data-id=\"eda603f\" data-element_type=\"column\">\n\t\t\t<div class=\"elementor-widget-wrap\">\n\t\t\t\t\t\t\t<\/div>\n\t\t<\/div>\n\t\t\t\t\t<\/div>\n\t\t<\/section>\n\t\t\t\t<section class=\"elementor-section elementor-top-section elementor-element elementor-element-1905cf5 elementor-section-boxed elementor-section-height-default elementor-section-height-default wpr-particle-no wpr-jarallax-no wpr-parallax-no wpr-sticky-section-no\" data-id=\"1905cf5\" data-element_type=\"section\">\n\t\t\t\t\t\t<div class=\"elementor-container elementor-column-gap-default\">\n\t\t\t\t\t<div class=\"elementor-column elementor-col-50 elementor-top-column elementor-element elementor-element-5b137f6\" data-id=\"5b137f6\" data-element_type=\"column\">\n\t\t\t<div class=\"elementor-widget-wrap\">\n\t\t\t\t\t\t\t<\/div>\n\t\t<\/div>\n\t\t\t\t<div class=\"elementor-column elementor-col-50 elementor-top-column elementor-element elementor-element-1f8dfc2\" data-id=\"1f8dfc2\" data-element_type=\"column\">\n\t\t\t<div class=\"elementor-widget-wrap\">\n\t\t\t\t\t\t\t<\/div>\n\t\t<\/div>\n\t\t\t\t\t<\/div>\n\t\t<\/section>\n\t\t\t\t<\/div>\n\t\t","protected":false},"excerpt":{"rendered":"<p>D\u0117mesio Pagal Lietuvos Respublikos civilinio kodekso 6.333 straipsnio 8 punkt\u0105, turt\u0105 parduodant teismo sprendimams vykdyti nustatyta tvarka, jo kokyb\u0117 negarantuojama. Parduotos prek\u0117s negr\u0105\u017einamos ir nekei\u010diamos.\u200b &times; D\u0117mesio TRANSPORTO PRIEMONI\u0172 PIRK\u0116J\u0172 D\u0116MESIUI! Lietuvos Respublikos saugaus eismo automobili\u0173 keliais \u012fstatymo 20 straipsnio 1 punkte yra nustatyta, kad asmuo, \u012fsigij\u0119s transporto priemon\u0119, privalo per 5 darbo dienas deklaruoti \u012fgijim\u0105 ir Regitroje gauti pirk\u0117jo SDK, t. y. savininko deklaravimo kod\u0105. U\u017e min\u0117to reikalavimo pa\u017eeidim\u0105 Administracini\u0173 nusi\u017eengim\u0173 kodekso 431 straipsnyje yra nustatyta administracin\u0117 atsakomyb\u0117 \u2014 transporto priemon\u0117s savininkui (valdytojui) yra numatyta bauda: 1. Pirm\u0105 kart\u0105 \u2014 nuo vieno \u0161imto penkiasde\u0161imt iki trij\u0173 \u0161imt\u0173 eur\u0173; 2. Pakartotinai \u2014 nuo keturi\u0173 \u0161imt\u0173 keturiasde\u0161imt iki \u0161e\u0161i\u0173 \u0161imt\u0173 eur\u0173. &times; Turtas randasi adresu: M. Veriovkinos g. 7, Vy\u017euon\u0117li\u0173 k., LT-28112 Utenos r. &times; Darbo laikas: I-V: 8:00 &#8211; 17:00 Piet\u0173 pertrauka 12:00 \u2013 13:00 VI-VII: Nedirbame &times;<\/p>\n","protected":false},"author":1,"featured_media":0,"parent":0,"menu_order":0,"comment_status":"closed","ping_status":"closed","template":"elementor_header_footer","meta":{"footnotes":""},"class_list":["post-269","page","type-page","status-publish","hentry"],"yoast_head":"<!-- This site is optimized with the Yoast SEO plugin v25.5 - https:\/\/yoast.com\/wordpress\/plugins\/seo\/ -->\n<title>Konfiskuotas transportas - Vyzuoneles.lt<\/title>\n<meta name=\"robots\" content=\"index, follow, max-snippet:-1, max-image-preview:large, max-video-preview:-1\" \/>\n<link rel=\"canonical\" href=\"https:\/\/vyzuoneles.lt\/?page_id=269\" \/>\n<meta property=\"og:locale\" content=\"lt_LT\" \/>\n<meta property=\"og:type\" content=\"article\" \/>\n<meta property=\"og:title\" content=\"Konfiskuotas transportas - Vyzuoneles.lt\" \/>\n<meta property=\"og:description\" content=\"D\u0117mesio Pagal Lietuvos Respublikos civilinio kodekso 6.333 straipsnio 8 punkt\u0105, turt\u0105 parduodant teismo sprendimams vykdyti nustatyta tvarka, jo kokyb\u0117 negarantuojama. Parduotos prek\u0117s negr\u0105\u017einamos ir nekei\u010diamos.\u200b &times; D\u0117mesio TRANSPORTO PRIEMONI\u0172 PIRK\u0116J\u0172 D\u0116MESIUI! Lietuvos Respublikos saugaus eismo automobili\u0173 keliais \u012fstatymo 20 straipsnio 1 punkte yra nustatyta, kad asmuo, \u012fsigij\u0119s transporto priemon\u0119, privalo per 5 darbo dienas deklaruoti \u012fgijim\u0105 ir Regitroje gauti pirk\u0117jo SDK, t. y. savininko deklaravimo kod\u0105. U\u017e min\u0117to reikalavimo pa\u017eeidim\u0105 Administracini\u0173 nusi\u017eengim\u0173 kodekso 431 straipsnyje yra nustatyta administracin\u0117 atsakomyb\u0117 \u2014 transporto priemon\u0117s savininkui (valdytojui) yra numatyta bauda: 1. Pirm\u0105 kart\u0105 \u2014 nuo vieno \u0161imto penkiasde\u0161imt iki trij\u0173 \u0161imt\u0173 eur\u0173; 2. Pakartotinai \u2014 nuo keturi\u0173 \u0161imt\u0173 keturiasde\u0161imt iki \u0161e\u0161i\u0173 \u0161imt\u0173 eur\u0173. &times; Turtas randasi adresu: M. Veriovkinos g. 7, Vy\u017euon\u0117li\u0173 k., LT-28112 Utenos r. &times; Darbo laikas: I-V: 8:00 &#8211; 17:00 Piet\u0173 pertrauka 12:00 \u2013 13:00 VI-VII: Nedirbame &times;\" \/>\n<meta property=\"og:url\" content=\"https:\/\/vyzuoneles.lt\/?page_id=269\" \/>\n<meta property=\"og:site_name\" content=\"Vyzuoneles.lt\" \/>\n<meta property=\"article:publisher\" content=\"https:\/\/www.facebook.com\/vyzuoneles.lt\" \/>\n<meta property=\"article:modified_time\" content=\"2026-03-23T15:56:43+00:00\" \/>\n<meta name=\"twitter:card\" content=\"summary_large_image\" \/>\n<script type=\"application\/ld+json\" class=\"yoast-schema-graph\">{\"@context\":\"https:\/\/schema.org\",\"@graph\":[{\"@type\":\"WebPage\",\"@id\":\"https:\/\/vyzuoneles.lt\/?page_id=269\",\"url\":\"https:\/\/vyzuoneles.lt\/?page_id=269\",\"name\":\"Konfiskuotas transportas - Vyzuoneles.lt\",\"isPartOf\":{\"@id\":\"https:\/\/vyzuoneles.lt\/#website\"},\"datePublished\":\"2024-12-09T18:05:55+00:00\",\"dateModified\":\"2026-03-23T15:56:43+00:00\",\"breadcrumb\":{\"@id\":\"https:\/\/vyzuoneles.lt\/?page_id=269#breadcrumb\"},\"inLanguage\":\"lt-LT\",\"potentialAction\":[{\"@type\":\"ReadAction\",\"target\":[\"https:\/\/vyzuoneles.lt\/?page_id=269\"]}]},{\"@type\":\"BreadcrumbList\",\"@id\":\"https:\/\/vyzuoneles.lt\/?page_id=269#breadcrumb\",\"itemListElement\":[{\"@type\":\"ListItem\",\"position\":1,\"name\":\"Home\",\"item\":\"https:\/\/vyzuoneles.lt\/\"},{\"@type\":\"ListItem\",\"position\":2,\"name\":\"Konfiskuotas transportas\"}]},{\"@type\":\"WebSite\",\"@id\":\"https:\/\/vyzuoneles.lt\/#website\",\"url\":\"https:\/\/vyzuoneles.lt\/\",\"name\":\"Vyzuoneles.lt\",\"description\":\"\",\"publisher\":{\"@id\":\"https:\/\/vyzuoneles.lt\/#organization\"},\"potentialAction\":[{\"@type\":\"SearchAction\",\"target\":{\"@type\":\"EntryPoint\",\"urlTemplate\":\"https:\/\/vyzuoneles.lt\/?s={search_term_string}\"},\"query-input\":{\"@type\":\"PropertyValueSpecification\",\"valueRequired\":true,\"valueName\":\"search_term_string\"}}],\"inLanguage\":\"lt-LT\"},{\"@type\":\"Organization\",\"@id\":\"https:\/\/vyzuoneles.lt\/#organization\",\"name\":\"Vyzuoneles.lt\",\"url\":\"https:\/\/vyzuoneles.lt\/\",\"logo\":{\"@type\":\"ImageObject\",\"inLanguage\":\"lt-LT\",\"@id\":\"https:\/\/vyzuoneles.lt\/#\/schema\/logo\/image\/\",\"url\":\"https:\/\/vyzuoneles.lt\/wp-content\/uploads\/2022\/09\/Pagalba-kelyje.png\",\"contentUrl\":\"https:\/\/vyzuoneles.lt\/wp-content\/uploads\/2022\/09\/Pagalba-kelyje.png\",\"width\":500,\"height\":500,\"caption\":\"Vyzuoneles.lt\"},\"image\":{\"@id\":\"https:\/\/vyzuoneles.lt\/#\/schema\/logo\/image\/\"},\"sameAs\":[\"https:\/\/www.facebook.com\/vyzuoneles.lt\"]}]}<\/script>\n<!-- \/ Yoast SEO plugin. -->","yoast_head_json":{"title":"Konfiskuotas transportas - Vyzuoneles.lt","robots":{"index":"index","follow":"follow","max-snippet":"max-snippet:-1","max-image-preview":"max-image-preview:large","max-video-preview":"max-video-preview:-1"},"canonical":"https:\/\/vyzuoneles.lt\/?page_id=269","og_locale":"lt_LT","og_type":"article","og_title":"Konfiskuotas transportas - Vyzuoneles.lt","og_description":"D\u0117mesio Pagal Lietuvos Respublikos civilinio kodekso 6.333 straipsnio 8 punkt\u0105, turt\u0105 parduodant teismo sprendimams vykdyti nustatyta tvarka, jo kokyb\u0117 negarantuojama. Parduotos prek\u0117s negr\u0105\u017einamos ir nekei\u010diamos.\u200b &times; D\u0117mesio TRANSPORTO PRIEMONI\u0172 PIRK\u0116J\u0172 D\u0116MESIUI! Lietuvos Respublikos saugaus eismo automobili\u0173 keliais \u012fstatymo 20 straipsnio 1 punkte yra nustatyta, kad asmuo, \u012fsigij\u0119s transporto priemon\u0119, privalo per 5 darbo dienas deklaruoti \u012fgijim\u0105 ir Regitroje gauti pirk\u0117jo SDK, t. y. savininko deklaravimo kod\u0105. U\u017e min\u0117to reikalavimo pa\u017eeidim\u0105 Administracini\u0173 nusi\u017eengim\u0173 kodekso 431 straipsnyje yra nustatyta administracin\u0117 atsakomyb\u0117 \u2014 transporto priemon\u0117s savininkui (valdytojui) yra numatyta bauda: 1. Pirm\u0105 kart\u0105 \u2014 nuo vieno \u0161imto penkiasde\u0161imt iki trij\u0173 \u0161imt\u0173 eur\u0173; 2. Pakartotinai \u2014 nuo keturi\u0173 \u0161imt\u0173 keturiasde\u0161imt iki \u0161e\u0161i\u0173 \u0161imt\u0173 eur\u0173. &times; Turtas randasi adresu: M. Veriovkinos g. 7, Vy\u017euon\u0117li\u0173 k., LT-28112 Utenos r. &times; Darbo laikas: I-V: 8:00 &#8211; 17:00 Piet\u0173 pertrauka 12:00 \u2013 13:00 VI-VII: Nedirbame &times;","og_url":"https:\/\/vyzuoneles.lt\/?page_id=269","og_site_name":"Vyzuoneles.lt","article_publisher":"https:\/\/www.facebook.com\/vyzuoneles.lt","article_modified_time":"2026-03-23T15:56:43+00:00","twitter_card":"summary_large_image","schema":{"@context":"https:\/\/schema.org","@graph":[{"@type":"WebPage","@id":"https:\/\/vyzuoneles.lt\/?page_id=269","url":"https:\/\/vyzuoneles.lt\/?page_id=269","name":"Konfiskuotas transportas - Vyzuoneles.lt","isPartOf":{"@id":"https:\/\/vyzuoneles.lt\/#website"},"datePublished":"2024-12-09T18:05:55+00:00","dateModified":"2026-03-23T15:56:43+00:00","breadcrumb":{"@id":"https:\/\/vyzuoneles.lt\/?page_id=269#breadcrumb"},"inLanguage":"lt-LT","potentialAction":[{"@type":"ReadAction","target":["https:\/\/vyzuoneles.lt\/?page_id=269"]}]},{"@type":"BreadcrumbList","@id":"https:\/\/vyzuoneles.lt\/?page_id=269#breadcrumb","itemListElement":[{"@type":"ListItem","position":1,"name":"Home","item":"https:\/\/vyzuoneles.lt\/"},{"@type":"ListItem","position":2,"name":"Konfiskuotas transportas"}]},{"@type":"WebSite","@id":"https:\/\/vyzuoneles.lt\/#website","url":"https:\/\/vyzuoneles.lt\/","name":"Vyzuoneles.lt","description":"","publisher":{"@id":"https:\/\/vyzuoneles.lt\/#organization"},"potentialAction":[{"@type":"SearchAction","target":{"@type":"EntryPoint","urlTemplate":"https:\/\/vyzuoneles.lt\/?s={search_term_string}"},"query-input":{"@type":"PropertyValueSpecification","valueRequired":true,"valueName":"search_term_string"}}],"inLanguage":"lt-LT"},{"@type":"Organization","@id":"https:\/\/vyzuoneles.lt\/#organization","name":"Vyzuoneles.lt","url":"https:\/\/vyzuoneles.lt\/","logo":{"@type":"ImageObject","inLanguage":"lt-LT","@id":"https:\/\/vyzuoneles.lt\/#\/schema\/logo\/image\/","url":"https:\/\/vyzuoneles.lt\/wp-content\/uploads\/2022\/09\/Pagalba-kelyje.png","contentUrl":"https:\/\/vyzuoneles.lt\/wp-content\/uploads\/2022\/09\/Pagalba-kelyje.png","width":500,"height":500,"caption":"Vyzuoneles.lt"},"image":{"@id":"https:\/\/vyzuoneles.lt\/#\/schema\/logo\/image\/"},"sameAs":["https:\/\/www.facebook.com\/vyzuoneles.lt"]}]}},"_links":{"self":[{"href":"https:\/\/vyzuoneles.lt\/index.php?rest_route=\/wp\/v2\/pages\/269","targetHints":{"allow":["GET"]}}],"collection":[{"href":"https:\/\/vyzuoneles.lt\/index.php?rest_route=\/wp\/v2\/pages"}],"about":[{"href":"https:\/\/vyzuoneles.lt\/index.php?rest_route=\/wp\/v2\/types\/page"}],"author":[{"embeddable":true,"href":"https:\/\/vyzuoneles.lt\/index.php?rest_route=\/wp\/v2\/users\/1"}],"replies":[{"embeddable":true,"href":"https:\/\/vyzuoneles.lt\/index.php?rest_route=%2Fwp%2Fv2%2Fcomments&post=269"}],"version-history":[{"count":890,"href":"https:\/\/vyzuoneles.lt\/index.php?rest_route=\/wp\/v2\/pages\/269\/revisions"}],"predecessor-version":[{"id":2475,"href":"https:\/\/vyzuoneles.lt\/index.php?rest_route=\/wp\/v2\/pages\/269\/revisions\/2475"}],"wp:attachment":[{"href":"https:\/\/vyzuoneles.lt\/index.php?rest_route=%2Fwp%2Fv2%2Fmedia&parent=269"}],"curies":[{"name":"wp","href":"https:\/\/api.w.org\/{rel}","templated":true}]}}